{"id":15168,"date":"2023-11-27T16:16:22","date_gmt":"2023-11-27T15:16:22","guid":{"rendered":"https:\/\/www.alliance-sahel.org\/?page_id=15168"},"modified":"2026-03-25T09:10:58","modified_gmt":"2026-03-25T08:10:58","slug":"podcasts","status":"publish","type":"page","link":"https:\/\/www.alliance-sahel.org\/en\/podcasts\/","title":{"rendered":"Podcasts"},"content":{"rendered":"\n<div class=\"wp-block-columns is-layout-flex wp-container-core-columns-layout-1 wp-block-columns-is-layout-flex\">\n<div class=\"wp-block-column is-layout-flow wp-block-column-is-layout-flow\">\n<figure class=\"wp-block-image size-full\"><img loading=\"lazy\" decoding=\"async\" width=\"1080\" height=\"1080\" src=\"https:\/\/www.alliance-sahel.org\/wp-content\/uploads\/2023\/11\/Cover-podcast_EN.jpg\" alt=\"Discover our podcast : Salam Sahel !\" class=\"wp-image-15172\" srcset=\"https:\/\/www.alliance-sahel.org\/wp-content\/uploads\/2023\/11\/Cover-podcast_EN.jpg 1080w, https:\/\/www.alliance-sahel.org\/wp-content\/uploads\/2023\/11\/Cover-podcast_EN-768x768.jpg 768w, https:\/\/www.alliance-sahel.org\/wp-content\/uploads\/2023\/11\/Cover-podcast_EN-150x150.jpg 150w\" sizes=\"(max-width: 1080px) 100vw, 1080px\" \/><\/figure>\n<\/div>\n\n\n\n<div class=\"wp-block-column is-layout-flow wp-block-column-is-layout-flow\" style=\"flex-basis:70%\">\n<h2 class=\"wp-block-heading has-blue-color has-text-color\">Discover our podcast : Salam Sahel !<\/h2>\n\n\n\n<p><\/p>\n\n\n\n<p>Listen to our episodes below<strong> (in French)<\/strong>.<\/p>\n<\/div>\n<\/div>\n\n\n\n<div style=\"height:43px\" aria-hidden=\"true\" class=\"wp-block-spacer\"><\/div>\n\n\n<ul class=\"is-grid columns-2 has-dates has-excerpts wp-block-rss\"><li class='wp-block-rss__item'><div class='wp-block-rss__item-title'><a href='https:\/\/salam-sahel.podigee.io\/14-pauline-bend'>Le pari des radios communautaires, avec Pauline Bend<\/a><\/div><time datetime=\"2025-06-18T07:30:00+02:00\" class=\"wp-block-rss__item-publish-date\">18 June 2025<\/time> <div class=\"wp-block-rss__item-excerpt\">Rencontre avec Pauline Bend, Responsable programme Sahel \u00e0 la Fondation Hirondelle<\/div><\/li><li class='wp-block-rss__item'><div class='wp-block-rss__item-title'><a href='https:\/\/salam-sahel.podigee.io\/13-awa-seydou-traore'>Amplifier les voix des femmes et des jeunes en Mauritanie, avec Awa Seydou Traor\u00e9<\/a><\/div><time datetime=\"2025-05-15T05:30:00+02:00\" class=\"wp-block-rss__item-publish-date\">15 May 2025<\/time> <div class=\"wp-block-rss__item-excerpt\">Awa Seydou Traor\u00e9, journaliste et blogueuse mauritanienne, partage sa r\u00e9flexion sur la place des femmes dans les m\u00e9dias mauritaniens.<\/div><\/li><li class='wp-block-rss__item'><div class='wp-block-rss__item-title'><a href='https:\/\/salam-sahel.podigee.io\/12-hacen-mohammedi'>L\u2019indispensable dialogue entre partenaires au d\u00e9veloppement, avec Hacen Mohammedi, Directeur du Forum des ONGI au Mali<\/a><\/div><time datetime=\"2025-04-08T05:30:00+02:00\" class=\"wp-block-rss__item-publish-date\">8 April 2025<\/time> <div class=\"wp-block-rss__item-excerpt\">Hacen Mohammedi, directeur du Forum des ONG internationales au Mali (FONGIM), parle de l&#039;importance de la coordination et du dialogue entre les partenaires au d\u00e9veloppement.<\/div><\/li><li class='wp-block-rss__item'><div class='wp-block-rss__item-title'><a href='https:\/\/salam-sahel.podigee.io\/11-adam-mossi-bingui'>Soutenir les priorit\u00e9s locales des collectivit\u00e9s territoriales au Niger avec Adam Mossi Bingui<\/a><\/div><time datetime=\"2025-04-07T14:41:08+02:00\" class=\"wp-block-rss__item-publish-date\">7 April 2025<\/time> <div class=\"wp-block-rss__item-excerpt\">A Dakar, nous avons \u00e9chang\u00e9 avec Adam Mossi Bingui Directeur de l&#039;Agence Nationale de Financement des Collectivit\u00e9s Territoriales au Niger (ANFICT)<\/div><\/li><li class='wp-block-rss__item'><div class='wp-block-rss__item-title'><a href='https:\/\/salam-sahel.podigee.io\/10-zeinaba-narabebe'>La jeunesse malienne engag\u00e9e pour le climat, avec Zeinaba Narabene<\/a><\/div><time datetime=\"2024-12-05T08:00:00+01:00\" class=\"wp-block-rss__item-publish-date\">5 December 2024<\/time> <div class=\"wp-block-rss__item-excerpt\">\u00c0 Bamako, nous avons rencontr\u00e9 Zeinaba Narabene, Pr\u00e9sidente du R\u00e9seau des Jeunes Sah\u00e9liens pour le Climat au Mali et ing\u00e9nieure en t\u00e9l\u00e9communication.<\/div><\/li><li class='wp-block-rss__item'><div class='wp-block-rss__item-title'><a href='https:\/\/salam-sahel.podigee.io\/9-raissa-yameogo-dabire'>Accompagner le d\u00e9veloppement des territoires (2\/2) avec Ra\u00efssa Yameogo-Dabire<\/a><\/div><time datetime=\"2024-11-27T10:53:11+01:00\" class=\"wp-block-rss__item-publish-date\">27 November 2024<\/time> <div class=\"wp-block-rss__item-excerpt\">Nous avons rencontr\u00e9 Ra\u00efssa Yameogo-Dabire, Directrice G\u00e9n\u00e9rale de l\u2019Agence nationale d\u2019Appui au D\u00e9veloppement des Collectivit\u00e9s territoriales du Burkina Faso.<\/div><\/li><li class='wp-block-rss__item'><div class='wp-block-rss__item-title'><a href='https:\/\/salam-sahel.podigee.io\/8-abdoulaye-garba-maiga'>Accompagner le d\u00e9veloppement des territoires (1\/2) avec Abdoulaye Garba Maiga<\/a><\/div><time datetime=\"2024-11-27T10:52:30+01:00\" class=\"wp-block-rss__item-publish-date\">27 November 2024<\/time> <div class=\"wp-block-rss__item-excerpt\">Nous avons rencontr\u00e9 Abdoulaye Garba Maiga, Pr\u00e9sident de l\u2019Association des r\u00e9gions du Mali et Pr\u00e9sident du Conseil r\u00e9gional de Mopti.<\/div><\/li><li class='wp-block-rss__item'><div class='wp-block-rss__item-title'><a href='https:\/\/salam-sahel.podigee.io\/7-maimouna-mint-saleck'>Militer pour la cause environnementale en Mauritanie, avec Ma\u00efmouna Mint Saleck<\/a><\/div><time datetime=\"2024-09-24T06:00:00+02:00\" class=\"wp-block-rss__item-publish-date\">24 September 2024<\/time> <div class=\"wp-block-rss__item-excerpt\">Nous avons rencontr\u00e9 Ma\u00efmouna Mint Saleck, militante \u00e9cologiste, journaliste, Pr\u00e9sidente de l&#039;ONG BiodiverCit\u00e9s et Directrice du village de la BiodiverCit\u00e9 de Nouakchott<\/div><\/li><li class='wp-block-rss__item'><div class='wp-block-rss__item-title'><a href='https:\/\/salam-sahel.podigee.io\/6-abdoulaye-mohamadou'>Abdoulaye Mohamadou &#8211; Enjeux de la s\u00e9curit\u00e9 alimentaire au Sahel<\/a><\/div><time datetime=\"2024-07-12T12:55:24+02:00\" class=\"wp-block-rss__item-publish-date\">12 July 2024<\/time> <div class=\"wp-block-rss__item-excerpt\">Nous avons rencontr\u00e9 Abdoulaye Mohamadou, secr\u00e9taire ex\u00e9cutif du Comit\u00e9 Permanent Inter-Etats de lutte contre la S\u00e9cheresse dans le Sahel (CILSS).<\/div><\/li><li class='wp-block-rss__item'><div class='wp-block-rss__item-title'><a href='https:\/\/salam-sahel.podigee.io\/5-maimouna-mbow-fam'>Maimouna Mbow Fam &#8211; R\u00e9silience des communaut\u00e9s au Burkina Faso<\/a><\/div><time datetime=\"2024-05-30T11:42:06+02:00\" class=\"wp-block-rss__item-publish-date\">30 May 2024<\/time> <div class=\"wp-block-rss__item-excerpt\">Nous avons rencontr\u00e9 Maimouna Mbow Fam en octobre 2023, \u00e0 l&#039;occasion de sa fin de mission en tant que repr\u00e9sentante r\u00e9sidente de la Banque mondiale au Burkina Faso.<\/div><\/li><li class='wp-block-rss__item'><div class='wp-block-rss__item-title'><a href='https:\/\/salam-sahel.podigee.io\/4-yombi-ouedraogo'>Yombi Ou\u00e9draogo &#8211; D\u00e9fis des villes secondaires au Burkina Faso<\/a><\/div><time datetime=\"2024-02-09T13:09:47+01:00\" class=\"wp-block-rss__item-publish-date\">9 February 2024<\/time> <div class=\"wp-block-rss__item-excerpt\">Yombi Ou\u00e9draogo nous parle des d\u00e9fis auxquels sont confront\u00e9es les villes secondaires et plaide pour un soutien aux priorit\u00e9s des autorit\u00e9s locales.<\/div><\/li><li class='wp-block-rss__item'><div class='wp-block-rss__item-title'><a href='https:\/\/salam-sahel.podigee.io\/3-daniel-schroth'>Daniel Schroth &#8211; Impact du changement climatique au Sahel et COP28<\/a><\/div><time datetime=\"2023-12-06T07:00:00+01:00\" class=\"wp-block-rss__item-publish-date\">6 December 2023<\/time> <div class=\"wp-block-rss__item-excerpt\">Daniel Schroth de la Banque africaine de D\u00e9veloppement nous parle de l&#039;impact du changement climatique au Sahel et des enjeux de la COP 28 pour les pays sah\u00e9liens.<\/div><\/li><li class='wp-block-rss__item'><div class='wp-block-rss__item-title'><a href='https:\/\/salam-sahel.podigee.io\/2-mar-dieye'>Abdoulaye Mar Dieye &#8211; Soutenir le d\u00e9veloppement au Sahel<\/a><\/div><time datetime=\"2023-11-21T13:17:22+01:00\" class=\"wp-block-rss__item-publish-date\">21 November 2023<\/time> <div class=\"wp-block-rss__item-excerpt\">De retour d&#039;une mission au Sahel, Abdoulaye Mar Dieye, Coordonnateur sp\u00e9cial de l&#039;ONU pour le d\u00e9veloppement au Sahel, partage ses convictions concernant les attentes profondes des populations sah\u00e9liennes pour le d\u00e9veloppement de leur pays.<\/div><\/li><li class='wp-block-rss__item'><div class='wp-block-rss__item-title'><a href='https:\/\/salam-sahel.podigee.io\/1-paul-marie-kere'>Paul Marie Kere &#8211; Agriculture et s\u00e9curit\u00e9 alimentaire au Tchad<\/a><\/div><time datetime=\"2023-11-07T16:57:00+01:00\" class=\"wp-block-rss__item-publish-date\">7 November 2023<\/time> <div class=\"wp-block-rss__item-excerpt\">Agronome originaire du Burkina Faso, Paul Marie Kere est engag\u00e9 dans le travail des ONG humanitaires et de d\u00e9veloppement depuis 2010. Il est l&#039;un des pionniers \u00e0 piloter l\u2019initiative des \u00ab jardins sant\u00e9 \u00bb. Aujourd\u2019hui, il coordonne le consortium d\u2019ONG mettant en \u0153uvre le projet DETEKANEM au Tchad.<\/div><\/li><\/ul>","protected":false},"excerpt":{"rendered":"<p>Discover our podcast : Salam Sahel ! Listen to our episodes below (in French).<\/p>\n","protected":false},"author":1,"featured_media":0,"parent":0,"menu_order":0,"comment_status":"closed","ping_status":"closed","template":"","meta":{"_acf_changed":false,"footnotes":""},"acf":[],"_links":{"self":[{"href":"https:\/\/www.alliance-sahel.org\/en\/wp-json\/wp\/v2\/pages\/15168"}],"collection":[{"href":"https:\/\/www.alliance-sahel.org\/en\/wp-json\/wp\/v2\/pages"}],"about":[{"href":"https:\/\/www.alliance-sahel.org\/en\/wp-json\/wp\/v2\/types\/page"}],"author":[{"embeddable":true,"href":"https:\/\/www.alliance-sahel.org\/en\/wp-json\/wp\/v2\/users\/1"}],"replies":[{"embeddable":true,"href":"https:\/\/www.alliance-sahel.org\/en\/wp-json\/wp\/v2\/comments?post=15168"}],"version-history":[{"count":0,"href":"https:\/\/www.alliance-sahel.org\/en\/wp-json\/wp\/v2\/pages\/15168\/revisions"}],"wp:attachment":[{"href":"https:\/\/www.alliance-sahel.org\/en\/wp-json\/wp\/v2\/media?parent=15168"}],"curies":[{"name":"wp","href":"https:\/\/api.w.org\/{rel}","templated":true}]}}