{"id":232,"date":"2018-06-22T17:12:46","date_gmt":"2018-06-22T15:12:46","guid":{"rendered":"https:\/\/www.alliance-sahel.org\/contact\/"},"modified":"2026-03-20T11:53:38","modified_gmt":"2026-03-20T10:53:38","slug":"contact","status":"publish","type":"page","link":"https:\/\/www.alliance-sahel.org\/en\/contact\/","title":{"rendered":"Contact"},"content":{"rendered":"\n<div class=\"wp-block-contact-form-7-contact-form-selector\">\n<div class=\"wpcf7 no-js\" id=\"wpcf7-f231-o1\" lang=\"fr-FR\" dir=\"ltr\">\n<div class=\"screen-reader-response\"><p role=\"status\" aria-live=\"polite\" aria-atomic=\"true\"><\/p> <ul><\/ul><\/div>\n<form action=\"\/en\/wp-json\/wp\/v2\/pages\/232#wpcf7-f231-o1\" method=\"post\" class=\"wpcf7-form init\" aria-label=\"Formulaire de contact\" novalidate=\"novalidate\" data-status=\"init\">\n<div style=\"display: none;\">\n<input type=\"hidden\" name=\"_wpcf7\" value=\"231\" \/>\n<input type=\"hidden\" name=\"_wpcf7_version\" value=\"5.9.8\" \/>\n<input type=\"hidden\" name=\"_wpcf7_locale\" value=\"fr_FR\" \/>\n<input type=\"hidden\" name=\"_wpcf7_unit_tag\" value=\"wpcf7-f231-o1\" \/>\n<input type=\"hidden\" name=\"_wpcf7_container_post\" value=\"0\" \/>\n<input type=\"hidden\" name=\"_wpcf7_posted_data_hash\" value=\"\" \/>\n<\/div>\n<p><label> Your request concerns<br \/>\n<span class=\"wpcf7-form-control-wrap\" data-name=\"your-recipient\"><select class=\"wpcf7-form-control wpcf7-select wpcf7-validates-as-required\" aria-required=\"true\" aria-invalid=\"false\" name=\"your-recipient\"><option value=\"Press\">Press<\/option><option value=\"Partnerships\">Partnerships<\/option><option value=\"Other\">Other<\/option><\/select><\/span><\/label>\n<\/p>\n<div class=\"half-form\">\n\t<p><label> First name *<br \/>\n<span class=\"wpcf7-form-control-wrap\" data-name=\"your-firstname\"><input size=\"40\" maxlength=\"400\" class=\"wpcf7-form-control wpcf7-text wpcf7-validates-as-required\" aria-required=\"true\" aria-invalid=\"false\" value=\"\" type=\"text\" name=\"your-firstname\" \/><\/span> <\/label>\n\t<\/p>\n<\/div>\n<div class=\"half-form\">\n\t<p><label> Last name *<br \/>\n<span class=\"wpcf7-form-control-wrap\" data-name=\"your-name\"><input size=\"40\" maxlength=\"400\" class=\"wpcf7-form-control wpcf7-text wpcf7-validates-as-required\" aria-required=\"true\" aria-invalid=\"false\" value=\"\" type=\"text\" name=\"your-name\" \/><\/span> <\/label>\n\t<\/p>\n<\/div>\n<div class=\"half-form\">\n\t<p><label> Email *<br \/>\n<span class=\"wpcf7-form-control-wrap\" data-name=\"your-email\"><input size=\"40\" maxlength=\"400\" class=\"wpcf7-form-control wpcf7-email wpcf7-validates-as-required wpcf7-text wpcf7-validates-as-email\" aria-required=\"true\" aria-invalid=\"false\" value=\"\" type=\"email\" name=\"your-email\" \/><\/span> <\/label>\n\t<\/p>\n<\/div>\n<div class=\"half-form\">\n\t<p><label> Subject<br \/>\n<span class=\"wpcf7-form-control-wrap\" data-name=\"your-subject\"><input size=\"40\" maxlength=\"400\" class=\"wpcf7-form-control wpcf7-text\" aria-invalid=\"false\" value=\"\" type=\"text\" name=\"your-subject\" \/><\/span> <\/label>\n\t<\/p>\n<\/div>\n<p><label> Message<br \/>\n<span class=\"wpcf7-form-control-wrap\" data-name=\"your-message\"><textarea cols=\"40\" rows=\"10\" maxlength=\"2000\" class=\"wpcf7-form-control wpcf7-textarea\" aria-invalid=\"false\" name=\"your-message\"><\/textarea><\/span> <\/label>\n<\/p>\n<div class=\"half-form\">\n\t<p>I agree that my personal data may be used according to our <a href=\"https:\/\/www.alliance-sahel.org\/en\/data-privacy-policy\/\" target=\"_blank\">Privacy policy<\/a><br \/>\n<span class=\"wpcf7-form-control-wrap\" data-name=\"checkbox-rgpd\"><span class=\"wpcf7-form-control wpcf7-checkbox wpcf7-validates-as-required\"><span class=\"wpcf7-list-item first last\"><input type=\"checkbox\" name=\"checkbox-rgpd[]\" value=\"I agree\" \/><span class=\"wpcf7-list-item-label\">I agree<\/span><\/span><\/span><\/span>\n\t<\/p>\n\t<p><i>* Required fields<\/i>\n\t<\/p>\n<\/div>\n<div class=\"half-form\">\n\t<p>\n\t\t<div class=\"la-sentinelle-container\" style=\"max-height:0;overflow:hidden;\" hidden=\"true\" aria-hidden=\"true\">\n\t\t\n\t\t\t<input value=\"51435\" type=\"text\" name=\"la_sentinelle_0db37723ee2928996672c174ab0f99ab\" class=\"la_sentinelle_0db37723ee2928996672c174ab0f99ab\" id=\"la_sentinelle_0db37723ee2928996672c174ab0f99ab-1\" placeholder=\"\" style=\"transform: translateY(10000px);\" \/>\n\t\t\t<input value=\"51435\" type=\"text\" name=\"la_sentinelle_1fca6069fc2569d7bf1761327e96ccb3\" class=\"la_sentinelle_1fca6069fc2569d7bf1761327e96ccb3\" id=\"la_sentinelle_1fca6069fc2569d7bf1761327e96ccb3-1\" placeholder=\"\" style=\"transform: translateY(10000px);\" \/>\n\t\t\t<input type=\"text\" class=\"la_sentinelle_7922e1002c557f85924016fd37b6b140\" id=\"la_sentinelle_7922e1002c557f85924016fd37b6b140-1\" name=\"la_sentinelle_7922e1002c557f85924016fd37b6b140\" value=\"4ae2fad836\" style=\"transform: translateY(10000px);\" \/>\n\t\t\n\t\t<input value=\"\" type=\"text\" name=\"la_sentinelle_2dda781c82fba6f73a1a03377e9a8770\" class=\"la_sentinelle_2dda781c82fba6f73a1a03377e9a8770\" id=\"la_sentinelle_2dda781c82fba6f73a1a03377e9a8770-1\" placeholder=\"\" style=\"transform: translateY(10000px);\" \/>\n\t\t\n\t\t<input value=\"3\" type=\"text\" name=\"la_sentinelle_ef1fdb2774efef5fd4548abace36c596\" class=\"la_sentinelle_ef1fdb2774efef5fd4548abace36c596\" id=\"la_sentinelle_ef1fdb2774efef5fd4548abace36c596-1\" placeholder=\"\" style=\"transform: translateY(10000px);\" \/>\n\t\t<input value=\"MjE2LjczLjIxNi4xNjc=\" type=\"text\" name=\"la_sentinelle_ea2c1df442bbb680bb6f5befc65362ab\" class=\"la_sentinelle_ea2c1df442bbb680bb6f5befc65362ab\" id=\"la_sentinelle_ea2c1df442bbb680bb6f5befc65362ab-1\" placeholder=\"\" style=\"transform: translateY(10000px);\" \/>\n\t\n\t\t<input value=\"3\" type=\"text\" name=\"la_sentinelle_8d868dff8f950211e864695b91e9f977\" class=\"la_sentinelle_8d868dff8f950211e864695b91e9f977\" id=\"la_sentinelle_8d868dff8f950211e864695b91e9f977-1\" placeholder=\"\" style=\"transform: translateY(10000px);\" \/>\n\t\t<input value=\"\" type=\"text\" name=\"la_sentinelle_ff5d2b819a765759640577b0e7ed8fb3\" class=\"la_sentinelle_ff5d2b819a765759640577b0e7ed8fb3\" id=\"la_sentinelle_ff5d2b819a765759640577b0e7ed8fb3-1\" placeholder=\"\" style=\"transform: translateY(10000px);\" \/>\n\t\t<input value=\"MjE2LjczLjIxNi4xNjc=\" type=\"text\" name=\"la_sentinelle_737790b163d97c7e15cee439eb75eed7\" class=\"la_sentinelle_737790b163d97c7e15cee439eb75eed7\" id=\"la_sentinelle_737790b163d97c7e15cee439eb75eed7-1\" placeholder=\"\" style=\"transform: translateY(10000px);\" \/>\n\t\n\t\t<input value=\"3\" type=\"text\" name=\"la_sentinelle_76b01cfe584c957878889966260208e3\" class=\"la_sentinelle_76b01cfe584c957878889966260208e3\" id=\"la_sentinelle_76b01cfe584c957878889966260208e3-1\" placeholder=\"\" style=\"transform: translateY(10000px);\" \/>\n\t\t\n\t\t<\/div>\n\t\t<div class=\"la-sentinelle-container-nojs-message\">\n\t\t\t<noscript><div class=\"no-js\">Avertissement\u00a0: ce formulaire peut uniquement \u00eatre utilis\u00e9 si JavaScript est activ\u00e9 dans votre navigateur.<\/div><\/noscript>\n\t\t<\/div>\n\t\t\n\t<\/p>\n\t<p><input class=\"wpcf7-form-control wpcf7-submit has-spinner\" type=\"submit\" value=\"Send\" \/>\n\t<\/p>\n<\/div><div class=\"wpcf7-response-output\" aria-hidden=\"true\"><\/div>\n<\/form>\n<\/div>\n<\/div>\n\n\n\n<p class=\"has-text-align-center\"><\/p>\n","protected":false},"excerpt":{"rendered":"","protected":false},"author":1,"featured_media":0,"parent":0,"menu_order":0,"comment_status":"closed","ping_status":"closed","template":"page-contact.php","meta":{"_acf_changed":false,"footnotes":""},"acf":[],"_links":{"self":[{"href":"https:\/\/www.alliance-sahel.org\/en\/wp-json\/wp\/v2\/pages\/232"}],"collection":[{"href":"https:\/\/www.alliance-sahel.org\/en\/wp-json\/wp\/v2\/pages"}],"about":[{"href":"https:\/\/www.alliance-sahel.org\/en\/wp-json\/wp\/v2\/types\/page"}],"author":[{"embeddable":true,"href":"https:\/\/www.alliance-sahel.org\/en\/wp-json\/wp\/v2\/users\/1"}],"replies":[{"embeddable":true,"href":"https:\/\/www.alliance-sahel.org\/en\/wp-json\/wp\/v2\/comments?post=232"}],"version-history":[{"count":0,"href":"https:\/\/www.alliance-sahel.org\/en\/wp-json\/wp\/v2\/pages\/232\/revisions"}],"wp:attachment":[{"href":"https:\/\/www.alliance-sahel.org\/en\/wp-json\/wp\/v2\/media?parent=232"}],"curies":[{"name":"wp","href":"https:\/\/api.w.org\/{rel}","templated":true}]}}